{"id":8954,"date":"2022-11-14T23:38:45","date_gmt":"2022-11-14T22:38:45","guid":{"rendered":"https:\/\/keeptimelab.com\/?page_id=8954"},"modified":"2023-05-28T17:16:15","modified_gmt":"2023-05-28T15:16:15","slug":"polishing-and-restoration","status":"publish","type":"page","link":"https:\/\/keeptimelab.com\/it\/polishing-and-restoration\/","title":{"rendered":"Lucidatura e Restauro"},"content":{"rendered":"<div class=\"wpb-content-wrapper\"><div data-vc-full-width=\"true\" data-vc-full-width-init=\"false\" class=\"vc_row wpb_row vc_row-fluid vc_custom_1681374374247 vc_row-has-fill vc_row_2091318788\"><div class=\"wpb_column vc_column_container vc_col-sm-12 vc_column_949566306\"><div class=\"vc_column-inner\"><div class=\"wpb_wrapper\">\r\n            \r\n            <div class=\"sh-empty-space vc_empty_space sh-empty-space-LWlE7FjIVN\" style=\"height: 10px\">\r\n                <span class=\"vc_empty_space_inner\"><\/span>\r\n            <\/div>\r\n\r\n        \n\t<div class=\"wpb_text_column wpb_content_element\" >\n\t\t<div class=\"wpb_wrapper\">\n\t\t\t<h1><span style=\"font-size: 30px; color: #ffffff;\">LUCIDATURA E RESTAURO<\/span><\/h1>\n\n\t\t<\/div>\n\t<\/div>\n<style type=\"text\/css\"> .vc_column_949566306:not(.vc_parallax):not(.jarallax) { overflow: center!important; position: relative; }<\/style><\/div><\/div><\/div><\/div><div class=\"vc_row-full-width vc_clearfix\"><\/div><div data-vc-full-width=\"true\" data-vc-full-width-init=\"false\" class=\"vc_row wpb_row vc_row-fluid vc_custom_1685107151369 vc_row-has-fill vc_row_1849684364\"><div class=\"wpb_column vc_column_container vc_col-sm-6 vc_column_952998970\"><div class=\"vc_column-inner\"><div class=\"wpb_wrapper\">\r\n            \r\n            <div class=\"sh-empty-space vc_empty_space sh-empty-space-Dhtc4yZHW1\" style=\"height: 35px\">\r\n                <span class=\"vc_empty_space_inner\"><\/span>\r\n            <\/div>\r\n\r\n        \n\t<div class=\"wpb_text_column wpb_content_element\" >\n\t\t<div class=\"wpb_wrapper\">\n\t\t\t<p style=\"text-align: justify;\"><span style=\"text-shadow: #182842 -1px 0px, black 0px 1px, black 1px 0px, black 0px -1px; color: #ffffff; font-size: 23px;\"><strong>KEEPTIME LAB OFFRE IL RESTAURO DELLA CASSA E DEL BRACCIALE DI TUTTI I MARCHI DI OROLOGI, CHE VERRANNO ACCURATAMENTE LUCIDATI E\/O SATINATI, ED INFINE PULITI AD ULTRASUONI, AFFINCHE' RIACQUISISCANO LA LORO LUCENTEZZA ORIGINALE.<\/strong><\/span><\/p>\n<p style=\"text-align: justify;\"><span style=\"text-shadow: #182842 -1px 0px, black 0px 1px, black 1px 0px, black 0px -1px; color: #ffffff; font-size: 23px;\"><strong>UN'ARTE CHE RICHIEDE ABILITA', PRECISIONE E GRANDE ESPERIENZA.<\/strong><\/span><\/p>\n\n\t\t<\/div>\n\t<\/div>\n<style type=\"text\/css\"> .vc_column_952998970:not(.vc_parallax):not(.jarallax) { overflow: center!important; position: relative; }<\/style><\/div><\/div><\/div><div class=\"wpb_column vc_column_container vc_col-sm-6 vc_column_1126943571\"><div class=\"vc_column-inner\"><div class=\"wpb_wrapper\">\n\t<div  class=\"wpb_single_image wpb_content_element vc_align_center wpb_content_element wpb_animate_when_almost_visible wpb_fadeIn fadeIn\">\n\t\t\n\t\t<figure class=\"wpb_wrapper vc_figure\">\n\t\t\t<div class=\"vc_single_image-wrapper vc_box_rounded  vc_box_border_grey\"><img decoding=\"async\" class=\"vc_single_image-img\" src=\"https:\/\/keeptimelab.com\/wp-content\/uploads\/2023\/05\/KeepTimeLAB877.jpg\" width=\"400\" height=\"400\" alt=\"KeepTimeLAB877\" title=\"KeepTimeLAB877\" loading=\"lazy\" \/><\/div>\n\t\t<\/figure>\n\t<\/div>\n<style type=\"text\/css\"> .vc_column_1126943571:not(.vc_parallax):not(.jarallax) { overflow: center!important; position: relative; }<\/style><\/div><\/div><\/div><\/div><div class=\"vc_row-full-width vc_clearfix\"><\/div><div class=\"vc_row wpb_row vc_row-fluid vc_row_51770270\"><div class=\"wpb_column vc_column_container vc_col-sm-12 vc_column_1664784108\"><div class=\"vc_column-inner\"><div class=\"wpb_wrapper\">\n\t<div class=\"wpb_text_column wpb_content_element\" >\n\t\t<div class=\"wpb_wrapper\">\n\t\t\t<p>L\u2019abilit\u00e0 della mano e la tecnica del professionista lucidatore, che si avvale dell\u2019impiego di una strumentazione adeguata e all\u2019avanguardia, sono i requisiti essenziali per ottenere un risultato di restauro eccellente, un mero compromesso tra estetica e conservazione dell\u2019aspetto originario di ogni prezioso segnatempo.<\/p>\n<p>Alcuni sostengono che lucidare il proprio orologio significa mantenerlo vivo, arricchirlo per farlo ritornare al suo originale splendore, e il nostro team di professionisti qualificati, mediante l\u2019ausilio di appositi strumenti e macchinari, si impegna costantemente per:<\/p>\n<ul>\n<li>intervenire in maniera efficace sui danni estetici riscontrati nell\u2019orologio e il suo bracciale \u2013 in maniera pi\u00f9 o meno significativa - a seconda dell\u2019occorrenza;<\/li>\n<li>eliminare le imperfezioni estetiche riscontrate e qualsiasi segno di usura dovuto al quotidiano utilizzo o ad un evento accidentale;<\/li>\n<li>rispristinare l\u2019aspetto dell\u2019orologio per riportarlo al suo splendore e per cos\u00ec preservare la sua originaria conformazione.<\/li>\n<\/ul>\n\n\t\t<\/div>\n\t<\/div>\n<style type=\"text\/css\"> .vc_column_1664784108:not(.vc_parallax):not(.jarallax) { overflow: center!important; position: relative; }<\/style><\/div><\/div><\/div><\/div><div data-vc-full-width=\"true\" data-vc-full-width-init=\"false\" class=\"vc_row wpb_row vc_row-fluid vc_custom_1685114637879 vc_row-has-fill vc_row_500432659\"><div class=\"wpb_column vc_column_container vc_col-sm-2 vc_hidden-xs\"><div class=\"vc_column-inner\"><div class=\"wpb_wrapper\">\n\t<div class=\"wpb_text_column wpb_content_element\" >\n\t\t<div class=\"wpb_wrapper\">\n\t\t\t<p style=\"text-align: center;\"><span style=\"font-size: 21px; color: #ffffff;\"><strong>PRIMA<\/strong><\/span><\/p>\n\n\t\t<\/div>\n\t<\/div>\n<\/div><\/div><\/div><div class=\"wpb_column vc_column_container vc_col-sm-2 vc_hidden-xs\"><div class=\"vc_column-inner\"><div class=\"wpb_wrapper\">\n\t<div class=\"wpb_text_column wpb_content_element\" >\n\t\t<div class=\"wpb_wrapper\">\n\t\t\t<p style=\"text-align: center;\"><span style=\"font-size: 21px; color: #ffffff;\"><strong>DOPO<\/strong><\/span><\/p>\n\n\t\t<\/div>\n\t<\/div>\n<\/div><\/div><\/div><div class=\"wpb_column vc_column_container vc_col-sm-2 vc_hidden-xs\"><div class=\"vc_column-inner\"><div class=\"wpb_wrapper\">\n\t<div class=\"wpb_text_column wpb_content_element\" >\n\t\t<div class=\"wpb_wrapper\">\n\t\t\t<p style=\"text-align: center;\"><span style=\"font-size: 21px; color: #ffffff;\"><strong>PRIMA<\/strong><\/span><\/p>\n\n\t\t<\/div>\n\t<\/div>\n<\/div><\/div><\/div><div class=\"wpb_column vc_column_container vc_col-sm-2 vc_hidden-xs\"><div class=\"vc_column-inner\"><div class=\"wpb_wrapper\">\n\t<div class=\"wpb_text_column wpb_content_element\" >\n\t\t<div class=\"wpb_wrapper\">\n\t\t\t<p style=\"text-align: center;\"><span style=\"font-size: 21px; color: #ffffff;\"><strong>DOPO<\/strong><\/span><\/p>\n\n\t\t<\/div>\n\t<\/div>\n<\/div><\/div><\/div><div class=\"wpb_column vc_column_container vc_col-sm-2 vc_hidden-xs\"><div class=\"vc_column-inner\"><div class=\"wpb_wrapper\">\n\t<div class=\"wpb_text_column wpb_content_element\" >\n\t\t<div class=\"wpb_wrapper\">\n\t\t\t<p style=\"text-align: center;\"><span style=\"font-size: 21px; color: #ffffff;\"><strong>PRIMA<\/strong><\/span><\/p>\n\n\t\t<\/div>\n\t<\/div>\n<\/div><\/div><\/div><div class=\"wpb_column vc_column_container vc_col-sm-2 vc_hidden-xs\"><div class=\"vc_column-inner\"><div class=\"wpb_wrapper\">\n\t<div class=\"wpb_text_column wpb_content_element\" >\n\t\t<div class=\"wpb_wrapper\">\n\t\t\t<p style=\"text-align: center;\"><span style=\"font-size: 21px; color: #ffffff;\"><strong>DOPO<\/strong><\/span><\/p>\n\n\t\t<\/div>\n\t<\/div>\n<\/div><\/div><\/div><div class=\"wpb_column vc_column_container vc_col-sm-4\"><div class=\"vc_column-inner vc_custom_1685286911962\"><div class=\"wpb_wrapper\">\r\n<script type=\"text\/javascript\">\r\n\tjQuery(window).load(function() {\r\n\t\tif( jQuery.isFunction( jQuery.fn.twentytwenty ) ) {\r\n\t\t\tjQuery(\"#image-comparison-140fgT8AJd\").twentytwenty({\r\n\t\t\t\tdefault_offset_pct: 0.5,\r\n\t\t\t});\r\n\t\t}\r\n\t});\r\n<\/script>\r\n\r\n<div class=\"sh-image-comparison-container\">\r\n\t<div id=\"image-comparison-140fgT8AJd\" class=\"sh-image-comparison\">\r\n\t\t<img decoding=\"async\" src=\"https:\/\/keeptimelab.com\/wp-content\/uploads\/2023\/05\/2-PRIMA-.jpg\" alt=\"\" \/>\r\n\t\t<img decoding=\"async\" src=\"https:\/\/keeptimelab.com\/wp-content\/uploads\/2023\/05\/2-DOPO.jpg\" alt=\"\" \/>\r\n\t<\/div>\r\n<\/div>\r\n            <style type=\"text\/css\">\r\n                #image-comparison-140fgT8AJd .twentytwenty-handle {background-color: #182842;}#image-comparison-140fgT8AJd .twentytwenty-overlay {display: none;}            <\/style>\r\n        <\/div><\/div><\/div><div class=\"wpb_column vc_column_container vc_col-sm-4\"><div class=\"vc_column-inner vc_custom_1685286920275\"><div class=\"wpb_wrapper\">\r\n<script type=\"text\/javascript\">\r\n\tjQuery(window).load(function() {\r\n\t\tif( jQuery.isFunction( jQuery.fn.twentytwenty ) ) {\r\n\t\t\tjQuery(\"#image-comparison-8Y9RoG5sKF\").twentytwenty({\r\n\t\t\t\tdefault_offset_pct: 0.5,\r\n\t\t\t});\r\n\t\t}\r\n\t});\r\n<\/script>\r\n\r\n<div class=\"sh-image-comparison-container\">\r\n\t<div id=\"image-comparison-8Y9RoG5sKF\" class=\"sh-image-comparison\">\r\n\t\t<img decoding=\"async\" src=\"https:\/\/keeptimelab.com\/wp-content\/uploads\/2023\/05\/1-PRIMA-.jpg\" alt=\"\" \/>\r\n\t\t<img decoding=\"async\" src=\"https:\/\/keeptimelab.com\/wp-content\/uploads\/2023\/05\/1-DOPO.jpg\" alt=\"\" \/>\r\n\t<\/div>\r\n<\/div>\r\n            <style type=\"text\/css\">\r\n                #image-comparison-8Y9RoG5sKF .twentytwenty-handle {background-color: #182842;}#image-comparison-8Y9RoG5sKF .twentytwenty-overlay {display: none;}            <\/style>\r\n        <\/div><\/div><\/div><div class=\"wpb_column vc_column_container vc_col-sm-4\"><div class=\"vc_column-inner vc_custom_1685286931717\"><div class=\"wpb_wrapper\">\r\n<script type=\"text\/javascript\">\r\n\tjQuery(window).load(function() {\r\n\t\tif( jQuery.isFunction( jQuery.fn.twentytwenty ) ) {\r\n\t\t\tjQuery(\"#image-comparison-ncGj690TtN\").twentytwenty({\r\n\t\t\t\tdefault_offset_pct: 0.5,\r\n\t\t\t});\r\n\t\t}\r\n\t});\r\n<\/script>\r\n\r\n<div class=\"sh-image-comparison-container\">\r\n\t<div id=\"image-comparison-ncGj690TtN\" class=\"sh-image-comparison\">\r\n\t\t<img decoding=\"async\" src=\"https:\/\/keeptimelab.com\/wp-content\/uploads\/2023\/05\/3-PRIMA.jpg\" alt=\"\" \/>\r\n\t\t<img decoding=\"async\" src=\"https:\/\/keeptimelab.com\/wp-content\/uploads\/2023\/05\/3-DOPO.jpg\" alt=\"\" \/>\r\n\t<\/div>\r\n<\/div>\r\n            <style type=\"text\/css\">\r\n                #image-comparison-ncGj690TtN .twentytwenty-handle {background-color: #182842;}#image-comparison-ncGj690TtN .twentytwenty-overlay {display: none;}            <\/style>\r\n        <\/div><\/div><\/div><div class=\"wpb_column vc_column_container vc_col-sm-12 vc_column_470063484\"><div class=\"vc_column-inner\"><div class=\"wpb_wrapper\">\r\n            \r\n            <div class=\"sh-empty-space vc_empty_space sh-empty-space-zSfkZtCsQc\" style=\"height: 20px\">\r\n                <span class=\"vc_empty_space_inner\"><\/span>\r\n            <\/div>\r\n\r\n        <style type=\"text\/css\"> .vc_column_470063484:not(.vc_parallax):not(.jarallax) { overflow: center!important; position: relative; }<\/style><\/div><\/div><\/div><\/div><div class=\"vc_row-full-width vc_clearfix\"><\/div><div class=\"vc_row wpb_row vc_row-fluid vc_row_1092296257\"><div class=\"wpb_column vc_column_container vc_col-sm-12 vc_column_171988588\"><div class=\"vc_column-inner\"><div class=\"wpb_wrapper\">\r\n            \r\n            <div class=\"sh-empty-space vc_empty_space sh-empty-space-FLOuy5CJp2\" style=\"height: 32px\">\r\n                <span class=\"vc_empty_space_inner\"><\/span>\r\n            <\/div>\r\n\r\n        \n\t<div class=\"wpb_text_column wpb_content_element\" >\n\t\t<div class=\"wpb_wrapper\">\n\t\t\t<p style=\"text-align: center;\"><strong><span style=\"font-size: 24px;\">Praticamente, in cosa consiste una lucidatura?<\/span><\/strong><\/p>\n\n\t\t<\/div>\n\t<\/div>\n\n\t<div class=\"wpb_text_column wpb_content_element\" >\n\t\t<div class=\"wpb_wrapper\">\n\t\t\t<p>L\u2019operazione di lucidatura pu\u00f2 avvenire mediante una leggera spazzolatura che rimuove un lieve strato di metallo, al fine di eliminare i segni pi\u00f9 superficiali causati da urti o sfregamenti, che si generano indossando l\u2019orologio nel proprio quotidiano.<\/p>\n<p>\u00c8 un\u2019operazione delicatissima dove a prevalere \u00e8 la sensibilit\u00e0 della mano dell\u2019artigiano che con estrema moderazione opera con meticolosit\u00e0 al fine di preservare la forma e le caratteristiche peculiari del proprio segnatempo.<\/p>\n<p>Ovviamente, in caso di graffi o ammaccature pi\u00f9 profonde consigliamo - quando tecnicamente possibile - di effettuare un riempimento al laser delle zone interessate con i confacenti metalli.<\/p>\n<p>Questo genere di operazione permette di ridurre significativamente la quantit\u00e0 di materiale che sarebbe stato eliminato dalla lucidatura, garantendo cos\u00ec un risultato estetico pari all\u2019originale, vale a dire, come uscito la prima volta dalla propria manifattura.<\/p>\n<p>Su bracciali e casse in oro bianco, oltre alla lucidatura, qualora occorra, viene eseguita ovviamente anche la formale rodiatura.<\/p>\n<p>Per completare il lavoro alla perfezione, qualora il vetro presenti segni non possibili da lucidare, potr\u00e0 esser anche sostituito.<\/p>\n<p>Infine, la cassa dell\u2019orologio \u00e8 rigorosamente testata per garantire alla perfezione i requisiti di impermeabilit\u00e0, una prima prova di depressione, e una successiva in pressione, effettuate in acqua, dove seguir\u00e0 una ulteriore prova finale di condensa, che potr\u00e0 rilevare l\u2019eventuale presenza anche di una seppur minima traccia di umidit\u00e0.<\/p>\n<p>Le operazioni di lucidatura, incluso l\u2019eventuale riempimento al laser di cassa e bracciale sono complesse tecniche comprese nei nostri servizi di \u201cLucidatura e Restauro\u201d.<\/p>\n<p>Non esitare a contattarci per ulteriori informazioni o richiesta di assistenza.<\/p>\n\n\t\t<\/div>\n\t<\/div>\n\r\n<div id=\"button-QeOXTA2DSY\" class=\"sh-button-container  sh-button-style-1\">\r\n\t<div class=\"sh-element-margin\">\r\n\t\t<a href=\"https:\/\/keeptimelab.com\/it\/contact-us\/\" target=\"_self\" class=\"sh-button sh-button-xlarge sh-button-xlarge-small\">\r\n\r\n\t\t\t\r\n\t\t\t\t\t\t\t<span class=\"sh-button-text\">\r\n\t\t\t\t\tCONTATTACI ORA!\t\t\t\t<\/span>\r\n\t\t\t\r\n\t\t\t\r\n\t\t<\/a>\r\n\t\t\t<\/div>\r\n<\/div>\r\n            <style type=\"text\/css\">\r\n                #button-QeOXTA2DSY .sh-button {font-size: 13px;border-radius: 40px;background-color: #192845;color: #ffffff;border: 4px solid #ffffff;box-shadow: 0px 3px 10px rgba(0,0,0,0.25);}#button-QeOXTA2DSY {text-align: center;}#button-QeOXTA2DSY:not(.sh-button-style-2) .sh-button:hover {background-color: #192845;}#button-QeOXTA2DSY.sh-button-style-2 .sh-button:after {background-color: #192845;}#button-QeOXTA2DSY.sh-button-style-2 .sh-button:hover {}@media (max-width: 800px) {#button-QeOXTA2DSY {text-align: center;}}            <\/style>\r\n        \r\n            \r\n            <div class=\"sh-empty-space vc_empty_space sh-empty-space-9zO8PwN0HR\" style=\"height: 32px\">\r\n                <span class=\"vc_empty_space_inner\"><\/span>\r\n            <\/div>\r\n\r\n        <div class=\"vc_separator wpb_content_element vc_separator_align_center vc_sep_width_100 vc_sep_pos_align_center vc_separator_no_text vc_sep_color_grey wpb_content_element  wpb_content_element\" ><span class=\"vc_sep_holder vc_sep_holder_l\"><span class=\"vc_sep_line\"><\/span><\/span><span class=\"vc_sep_holder vc_sep_holder_r\"><span class=\"vc_sep_line\"><\/span><\/span>\n<\/div><style type=\"text\/css\"> .vc_column_171988588:not(.vc_parallax):not(.jarallax) { overflow: center!important; position: relative; }<\/style><\/div><\/div><\/div><style type=\"text\/css\"> .vc_row_1092296257:not(.vc_parallax) { overflow: center!important; position: relative; }<\/style><\/div>\n<\/div>","protected":false},"excerpt":{"rendered":"POLISHING AND RESTORATION KEEPTIME LAB OFFERS THE RESTORATION OF THE CASE AND BRACELET OF ALL WATCH BRANDS, WHICH WILL BE CAREFULLY POLISHED AND\/OR SATINED, AND IN THE END CLEANED AT ULTRASOUND, SO THAT THEY REGAIN THEIR ORIGINAL SHEEN. AN ART THAT REQUIRES SKILL, PRECISION AND...","protected":false},"author":1,"featured_media":0,"parent":0,"menu_order":0,"comment_status":"closed","ping_status":"closed","template":"","meta":{"footnotes":""},"class_list":["post-8954","page","type-page","status-publish","hentry"],"yoast_head":"<!-- This site is optimized with the Yoast SEO plugin v25.4 - https:\/\/yoast.com\/wordpress\/plugins\/seo\/ -->\n<title>Polishing and Restoration - KeepTime Lab<\/title>\n<meta name=\"robots\" content=\"index, follow, max-snippet:-1, max-image-preview:large, max-video-preview:-1\" \/>\n<link rel=\"canonical\" href=\"https:\/\/keeptimelab.com\/it\/polishing-and-restoration\/\" \/>\n<meta property=\"og:locale\" content=\"it_IT\" \/>\n<meta property=\"og:type\" content=\"article\" \/>\n<meta property=\"og:title\" content=\"Polishing and Restoration - KeepTime Lab\" \/>\n<meta property=\"og:url\" content=\"https:\/\/keeptimelab.com\/it\/polishing-and-restoration\/\" \/>\n<meta property=\"og:site_name\" content=\"KeepTime Lab\" \/>\n<meta property=\"article:publisher\" content=\"https:\/\/www.facebook.com\/people\/Keep-TimeLab\/100086743028850\/\" \/>\n<meta property=\"article:modified_time\" content=\"2023-05-28T15:16:15+00:00\" \/>\n<meta property=\"og:image\" content=\"https:\/\/keeptimelab.com\/wp-content\/uploads\/2016\/05\/LOGO-DEFINITIVO_.png\" \/>\n\t<meta property=\"og:image:width\" content=\"513\" \/>\n\t<meta property=\"og:image:height\" content=\"345\" \/>\n\t<meta property=\"og:image:type\" content=\"image\/png\" \/>\n<meta name=\"twitter:card\" content=\"summary_large_image\" \/>\n<meta name=\"twitter:label1\" content=\"Tempo di lettura stimato\" \/>\n\t<meta name=\"twitter:data1\" content=\"4 minuti\" \/>\n<script type=\"application\/ld+json\" class=\"yoast-schema-graph\">{\"@context\":\"https:\/\/schema.org\",\"@graph\":[{\"@type\":\"WebPage\",\"@id\":\"https:\/\/keeptimelab.com\/polishing-and-restoration\/\",\"url\":\"https:\/\/keeptimelab.com\/polishing-and-restoration\/\",\"name\":\"Polishing and Restoration - KeepTime Lab\",\"isPartOf\":{\"@id\":\"https:\/\/keeptimelab.com\/#website\"},\"datePublished\":\"2022-11-14T22:38:45+00:00\",\"dateModified\":\"2023-05-28T15:16:15+00:00\",\"breadcrumb\":{\"@id\":\"https:\/\/keeptimelab.com\/polishing-and-restoration\/#breadcrumb\"},\"inLanguage\":\"it-IT\",\"potentialAction\":[{\"@type\":\"ReadAction\",\"target\":[\"https:\/\/keeptimelab.com\/polishing-and-restoration\/\"]}]},{\"@type\":\"BreadcrumbList\",\"@id\":\"https:\/\/keeptimelab.com\/polishing-and-restoration\/#breadcrumb\",\"itemListElement\":[{\"@type\":\"ListItem\",\"position\":1,\"name\":\"Home\",\"item\":\"https:\/\/keeptimelab.com\/\"},{\"@type\":\"ListItem\",\"position\":2,\"name\":\"Polishing and Restoration\"}]},{\"@type\":\"WebSite\",\"@id\":\"https:\/\/keeptimelab.com\/#website\",\"url\":\"https:\/\/keeptimelab.com\/\",\"name\":\"KeepTime Lab\",\"description\":\"Watch Laboratory\",\"publisher\":{\"@id\":\"https:\/\/keeptimelab.com\/#organization\"},\"alternateName\":\"KeepTime Laboratory\",\"potentialAction\":[{\"@type\":\"SearchAction\",\"target\":{\"@type\":\"EntryPoint\",\"urlTemplate\":\"https:\/\/keeptimelab.com\/?s={search_term_string}\"},\"query-input\":{\"@type\":\"PropertyValueSpecification\",\"valueRequired\":true,\"valueName\":\"search_term_string\"}}],\"inLanguage\":\"it-IT\"},{\"@type\":\"Organization\",\"@id\":\"https:\/\/keeptimelab.com\/#organization\",\"name\":\"KeepTime Lab\",\"alternateName\":\"KeepTime Laboratory\",\"url\":\"https:\/\/keeptimelab.com\/\",\"logo\":{\"@type\":\"ImageObject\",\"inLanguage\":\"it-IT\",\"@id\":\"https:\/\/keeptimelab.com\/#\/schema\/logo\/image\/\",\"url\":\"https:\/\/keeptimelab.com\/wp-content\/uploads\/2016\/05\/LOGO-DEFINITIVO_.png\",\"contentUrl\":\"https:\/\/keeptimelab.com\/wp-content\/uploads\/2016\/05\/LOGO-DEFINITIVO_.png\",\"width\":513,\"height\":345,\"caption\":\"KeepTime Lab\"},\"image\":{\"@id\":\"https:\/\/keeptimelab.com\/#\/schema\/logo\/image\/\"},\"sameAs\":[\"https:\/\/www.facebook.com\/people\/Keep-TimeLab\/100086743028850\/\",\"https:\/\/www.instagram.com\/keeptimelab\/\"]}]}<\/script>\n<!-- \/ Yoast SEO plugin. -->","yoast_head_json":{"title":"Polishing and Restoration - KeepTime Lab","robots":{"index":"index","follow":"follow","max-snippet":"max-snippet:-1","max-image-preview":"max-image-preview:large","max-video-preview":"max-video-preview:-1"},"canonical":"https:\/\/keeptimelab.com\/it\/polishing-and-restoration\/","og_locale":"it_IT","og_type":"article","og_title":"Polishing and Restoration - KeepTime Lab","og_url":"https:\/\/keeptimelab.com\/it\/polishing-and-restoration\/","og_site_name":"KeepTime Lab","article_publisher":"https:\/\/www.facebook.com\/people\/Keep-TimeLab\/100086743028850\/","article_modified_time":"2023-05-28T15:16:15+00:00","og_image":[{"width":513,"height":345,"url":"https:\/\/keeptimelab.com\/wp-content\/uploads\/2016\/05\/LOGO-DEFINITIVO_.png","type":"image\/png"}],"twitter_card":"summary_large_image","twitter_misc":{"Tempo di lettura stimato":"4 minuti"},"schema":{"@context":"https:\/\/schema.org","@graph":[{"@type":"WebPage","@id":"https:\/\/keeptimelab.com\/polishing-and-restoration\/","url":"https:\/\/keeptimelab.com\/polishing-and-restoration\/","name":"Polishing and Restoration - KeepTime Lab","isPartOf":{"@id":"https:\/\/keeptimelab.com\/#website"},"datePublished":"2022-11-14T22:38:45+00:00","dateModified":"2023-05-28T15:16:15+00:00","breadcrumb":{"@id":"https:\/\/keeptimelab.com\/polishing-and-restoration\/#breadcrumb"},"inLanguage":"it-IT","potentialAction":[{"@type":"ReadAction","target":["https:\/\/keeptimelab.com\/polishing-and-restoration\/"]}]},{"@type":"BreadcrumbList","@id":"https:\/\/keeptimelab.com\/polishing-and-restoration\/#breadcrumb","itemListElement":[{"@type":"ListItem","position":1,"name":"Home","item":"https:\/\/keeptimelab.com\/"},{"@type":"ListItem","position":2,"name":"Polishing and Restoration"}]},{"@type":"WebSite","@id":"https:\/\/keeptimelab.com\/#website","url":"https:\/\/keeptimelab.com\/","name":"KeepTime Lab","description":"Watch Laboratory","publisher":{"@id":"https:\/\/keeptimelab.com\/#organization"},"alternateName":"KeepTime Laboratory","potentialAction":[{"@type":"SearchAction","target":{"@type":"EntryPoint","urlTemplate":"https:\/\/keeptimelab.com\/?s={search_term_string}"},"query-input":{"@type":"PropertyValueSpecification","valueRequired":true,"valueName":"search_term_string"}}],"inLanguage":"it-IT"},{"@type":"Organization","@id":"https:\/\/keeptimelab.com\/#organization","name":"KeepTime Lab","alternateName":"KeepTime Laboratory","url":"https:\/\/keeptimelab.com\/","logo":{"@type":"ImageObject","inLanguage":"it-IT","@id":"https:\/\/keeptimelab.com\/#\/schema\/logo\/image\/","url":"https:\/\/keeptimelab.com\/wp-content\/uploads\/2016\/05\/LOGO-DEFINITIVO_.png","contentUrl":"https:\/\/keeptimelab.com\/wp-content\/uploads\/2016\/05\/LOGO-DEFINITIVO_.png","width":513,"height":345,"caption":"KeepTime Lab"},"image":{"@id":"https:\/\/keeptimelab.com\/#\/schema\/logo\/image\/"},"sameAs":["https:\/\/www.facebook.com\/people\/Keep-TimeLab\/100086743028850\/","https:\/\/www.instagram.com\/keeptimelab\/"]}]}},"_links":{"self":[{"href":"https:\/\/keeptimelab.com\/it\/wp-json\/wp\/v2\/pages\/8954","targetHints":{"allow":["GET"]}}],"collection":[{"href":"https:\/\/keeptimelab.com\/it\/wp-json\/wp\/v2\/pages"}],"about":[{"href":"https:\/\/keeptimelab.com\/it\/wp-json\/wp\/v2\/types\/page"}],"author":[{"embeddable":true,"href":"https:\/\/keeptimelab.com\/it\/wp-json\/wp\/v2\/users\/1"}],"replies":[{"embeddable":true,"href":"https:\/\/keeptimelab.com\/it\/wp-json\/wp\/v2\/comments?post=8954"}],"version-history":[{"count":39,"href":"https:\/\/keeptimelab.com\/it\/wp-json\/wp\/v2\/pages\/8954\/revisions"}],"predecessor-version":[{"id":9768,"href":"https:\/\/keeptimelab.com\/it\/wp-json\/wp\/v2\/pages\/8954\/revisions\/9768"}],"wp:attachment":[{"href":"https:\/\/keeptimelab.com\/it\/wp-json\/wp\/v2\/media?parent=8954"}],"curies":[{"name":"wp","href":"https:\/\/api.w.org\/{rel}","templated":true}]}}