{"id":8952,"date":"2022-11-14T23:39:34","date_gmt":"2022-11-14T22:39:34","guid":{"rendered":"https:\/\/keeptimelab.com\/?page_id=8952"},"modified":"2023-05-28T14:35:43","modified_gmt":"2023-05-28T12:35:43","slug":"service-and-repair","status":"publish","type":"page","link":"https:\/\/keeptimelab.com\/it\/service-and-repair\/","title":{"rendered":"Revisione e Riparazione"},"content":{"rendered":"<div class=\"wpb-content-wrapper\"><div data-vc-full-width=\"true\" data-vc-full-width-init=\"false\" class=\"vc_row wpb_row vc_row-fluid vc_custom_1684875344314 vc_row-has-fill vc_row_29015727\"><div class=\"wpb_column vc_column_container vc_col-sm-12 vc_column_1093764407\"><div class=\"vc_column-inner\"><div class=\"wpb_wrapper\">\r\n            \r\n            <div class=\"sh-empty-space vc_empty_space sh-empty-space-fwBx9TNFLj\" style=\"height: 10px\">\r\n                <span class=\"vc_empty_space_inner\"><\/span>\r\n            <\/div>\r\n\r\n        \n\t<div class=\"wpb_text_column wpb_content_element\" >\n\t\t<div class=\"wpb_wrapper\">\n\t\t\t<h1><span style=\"color: #ffffff; font-size: 30px;\"><strong>REVISIONE E RIPARAZIONE<\/strong><\/span><\/h1>\n\n\t\t<\/div>\n\t<\/div>\n<style type=\"text\/css\"> .vc_column_1093764407:not(.vc_parallax):not(.jarallax) { overflow: center!important; position: relative; }<\/style><\/div><\/div><\/div><\/div><div class=\"vc_row-full-width vc_clearfix\"><\/div><div data-vc-full-width=\"true\" data-vc-full-width-init=\"false\" class=\"vc_row wpb_row vc_row-fluid vc_custom_1685102267012 vc_row-has-fill vc_row_1547562146\"><div class=\"wpb_column vc_column_container vc_col-sm-6\"><div class=\"vc_column-inner\"><div class=\"wpb_wrapper\" style=\"text-align: center;\">\r\n            \r\n            <div class=\"sh-empty-space vc_empty_space sh-empty-space-3K4m276uLi\" style=\"height: 85px\">\r\n                <span class=\"vc_empty_space_inner\"><\/span>\r\n            <\/div>\r\n\r\n        \n\t<div class=\"wpb_text_column wpb_content_element\" >\n\t\t<div class=\"wpb_wrapper\">\n\t\t\t<p style=\"text-align: justify;\"><span style=\"text-shadow: #182842 -1px 0px, black 0px 1px, black 1px 0px, black 0px -1px; color: #ffffff; font-size: 23px;\"><strong>KEEPTIME LAB \u00c8 UN CENTRO DI ASSISTENZA A 360 GRADI E LA NOSTRA PRIORIT\u00c0 \u00c8 SICURAMENTE SODDISFARE OGNI TIPO DI ESIGENZA, AVVALENDOCI DI UN PROGRAMMA OPERATIVO PROFESSIONALE ED EFFICACE, MACCHINARI ALL'AVANGUARDIA E STRUMENTI DI PRECISIONE DI ULTIMA GENERAZIONE.<\/strong><\/span><\/p>\n\n\t\t<\/div>\n\t<\/div>\n<\/div><\/div><\/div><div class=\"wpb_column vc_column_container vc_col-sm-6 vc_hidden-md vc_hidden-sm vc_hidden-xs\"><div class=\"vc_column-inner\"><div class=\"wpb_wrapper\">\n\t<div  class=\"wpb_single_image wpb_content_element vc_align_center wpb_content_element wpb_animate_when_almost_visible wpb_fadeIn fadeIn vc_custom_1685097502326\">\n\t\t\n\t\t<figure class=\"wpb_wrapper vc_figure\">\n\t\t\t<div class=\"vc_single_image-wrapper vc_box_rounded  vc_box_border_grey\"><img decoding=\"async\" class=\"vc_single_image-img\" src=\"https:\/\/keeptimelab.com\/wp-content\/uploads\/2023\/05\/3-400x400.jpg\" width=\"400\" height=\"400\" alt=\"3\" title=\"3\" loading=\"lazy\" \/><\/div>\n\t\t<\/figure>\n\t<\/div>\n<\/div><\/div><\/div><\/div><div class=\"vc_row-full-width vc_clearfix\"><\/div><div class=\"vc_row wpb_row vc_row-fluid vc_row_1414223342\"><div class=\"wpb_column vc_column_container vc_col-sm-12\"><div class=\"vc_column-inner\"><div class=\"wpb_wrapper\">\n\t<div class=\"wpb_text_column wpb_content_element\" >\n\t\t<div class=\"wpb_wrapper\">\n\t\t\t<p style=\"text-align: justify;\">Grazie alla maestria e alla competenza dei nostri tecnici professionisti qualificati, si eseguono interventi di manutenzione e revisione che mirano ad occuparsi, conservare e ridare una nuova vita al movimento del proprio segnatempo.<\/p>\n<p style=\"text-align: justify;\">All\u2019interno del nostro laboratorio, ci avvaliamo solo di parti di ricambio e componenti originali e certificate, delle Maison pi\u00f9 prestigiose dell\u2019orologeria Svizzera.<\/p>\n<ul style=\"text-align: justify;\">\n<li>Prima di procedere alla revisione, i nostri professionisti effettueranno una diagnosi minuziosa e dettagliata di cassa, bracciale e movimento del tuo orologio, cos\u00ec da definire gli interventi necessari;<\/li>\n<li>Segue un preventivo finalizzato ad un intervento personalizzato, dove vengono stimati anche i relativi tempi di consegna;<\/li>\n<li>Una volta accettato il preventivo, il nostro professionista pu\u00f2 procedere allo smontaggio dell\u2019orologio, dove il bracciale viene separato dalla cassa. La cassa viene poi aperta, il movimento estratto, e quindi \u00e8 completamente smontata anch\u2019essa.<\/li>\n<\/ul>\n<p style=\"text-align: justify;\">Anche il movimento viene smontato e ogni componente accuratamente pulito agli ultrasuoni. I componenti del movimento nel rimontaggio vengono prima lubrificati con cura al fine di ridurne al minimo l\u2019attrito e prevenirne l\u2019usura. Questa operazione potr\u00e0 garantire un funzionamento perfetto e pi\u00f9 preciso dell\u2019orologio.<\/p>\n<ul style=\"text-align: justify;\">\n<li>Ovviamente, le parti usurate o danneggiate vengono sostituite con pezzi di ricambio originali delle proprie Maison.<\/li>\n<li>Ultimati i lavori, vengono effettuati ulteriori controlli di qualit\u00e0, tra cui la verifica sul crono-comparatore della riserva di carica e test di impermeabilit\u00e0, qualora l\u2019orologio preso in esame ne abbia ovviamente le condizioni;<\/li>\n<li>In fine, per assicurare la precisione dell\u2019orologio, sar\u00e0 effettuata una regolazione meticolosa, mediante prove elettroniche con apposita strumentazione. Per garantire il funzionamento ottimale del movimento si proceder\u00e0 nei giorni successivi ad una serie di rigorosi controlli diagnostici.<\/li>\n<\/ul>\n<p style=\"text-align: justify;\">Alla riconsegna dell\u2019orologio, perfettamente funzionante e riportato al suo splendore, viene rilasciata una garanzia per l\u2019intervento occorso valida per 24 mesi, fermo restando l\u2019offerta di un futuro supporto tecnico\/assistenza per ogni altra evenienza che potr\u00e0 occorrere.<\/p>\n<p style=\"text-align: justify;\">Tale garanzia non si applica a danni o deterioramento causati da incidenti o da un uso non corretto dell\u2019orologio.<\/p>\n\n\t\t<\/div>\n\t<\/div>\n\r\n\r\n\r\n\r\n<div id=\"image-gallery-XfdMDv8wEN\" class=\"sh-image-gallery sh-image-gallery-noverlay sh-image-gallery-nozoom sh-image-gallery-container sh-image-gallery-disable\"  data-autoplay=\"3000\" data-columns=\"5\">\r\n\t\t\t<div class=\"sh-image-gallery-item\">\r\n\t\t\t<div class=\"sh-gallery-item\">\r\n\t\t\t\t<div class=\"post-meta-thumb\">\r\n\r\n\t\t\t\t\t\t\t\t\t\t\t<img decoding=\"async\" src=\"https:\/\/keeptimelab.com\/wp-content\/uploads\/2023\/05\/1-660x660.jpg\" alt=\"1\" \/>\r\n\t\t\t\t\t\r\n\t\t\t\t\t\t\t\t\t<\/div>\r\n\t\t\t<\/div>\r\n\t\t<\/div>\r\n\t\t\t<div class=\"sh-image-gallery-item\">\r\n\t\t\t<div class=\"sh-gallery-item\">\r\n\t\t\t\t<div class=\"post-meta-thumb\">\r\n\r\n\t\t\t\t\t\t\t\t\t\t\t<img decoding=\"async\" src=\"https:\/\/keeptimelab.com\/wp-content\/uploads\/2023\/05\/2-660x660.jpg\" alt=\"2\" \/>\r\n\t\t\t\t\t\r\n\t\t\t\t\t\t\t\t\t<\/div>\r\n\t\t\t<\/div>\r\n\t\t<\/div>\r\n\t\t\t<div class=\"sh-image-gallery-item\">\r\n\t\t\t<div class=\"sh-gallery-item\">\r\n\t\t\t\t<div class=\"post-meta-thumb\">\r\n\r\n\t\t\t\t\t\t\t\t\t\t\t<img decoding=\"async\" src=\"https:\/\/keeptimelab.com\/wp-content\/uploads\/2023\/05\/7.jpg\" alt=\"7\" \/>\r\n\t\t\t\t\t\r\n\t\t\t\t\t\t\t\t\t<\/div>\r\n\t\t\t<\/div>\r\n\t\t<\/div>\r\n\t\t\t<div class=\"sh-image-gallery-item\">\r\n\t\t\t<div class=\"sh-gallery-item\">\r\n\t\t\t\t<div class=\"post-meta-thumb\">\r\n\r\n\t\t\t\t\t\t\t\t\t\t\t<img decoding=\"async\" src=\"https:\/\/keeptimelab.com\/wp-content\/uploads\/2023\/05\/4-660x660.jpg\" alt=\"4\" \/>\r\n\t\t\t\t\t\r\n\t\t\t\t\t\t\t\t\t<\/div>\r\n\t\t\t<\/div>\r\n\t\t<\/div>\r\n\t\t\t<div class=\"sh-image-gallery-item\">\r\n\t\t\t<div class=\"sh-gallery-item\">\r\n\t\t\t\t<div class=\"post-meta-thumb\">\r\n\r\n\t\t\t\t\t\t\t\t\t\t\t<img decoding=\"async\" src=\"https:\/\/keeptimelab.com\/wp-content\/uploads\/2023\/05\/5-660x660.jpg\" alt=\"5\" \/>\r\n\t\t\t\t\t\r\n\t\t\t\t\t\t\t\t\t<\/div>\r\n\t\t\t<\/div>\r\n\t\t<\/div>\r\n\t<\/div>\r\n            <style type=\"text\/css\">\r\n                #image-gallery-XfdMDv8wEN .sh-gallery-item,#image-gallery-XfdMDv8wEN .slick-dots {margin: 0px 30px 0px 0px;}#image-gallery-XfdMDv8wEN .slick-list {margin: -0px -30px -0px -0px ;}#image-gallery-XfdMDv8wEN .slick-dots li.slick-active button {background-color: #192845!important;}            <\/style>\r\n        \r\n            \r\n            <div class=\"sh-empty-space vc_empty_space sh-empty-space-mW54JjusgG\" style=\"height: 32px\">\r\n                <span class=\"vc_empty_space_inner\"><\/span>\r\n            <\/div>\r\n\r\n        \r\n<div id=\"button-QBaORJL3mU\" class=\"sh-button-container  sh-button-style-1\">\r\n\t<div class=\"sh-element-margin\">\r\n\t\t<a href=\"https:\/\/keeptimelab.com\/it\/contact-us\/\" target=\"_self\" class=\"sh-button sh-button-xlarge sh-button-xlarge-small\">\r\n\r\n\t\t\t\r\n\t\t\t\t\t\t\t<span class=\"sh-button-text\">\r\n\t\t\t\t\tCONTATTACI ORA!\t\t\t\t<\/span>\r\n\t\t\t\r\n\t\t\t\r\n\t\t<\/a>\r\n\t\t\t<\/div>\r\n<\/div>\r\n            <style type=\"text\/css\">\r\n                #button-QBaORJL3mU .sh-button {font-size: 13px;border-radius: 40px;background-color: #192845;color: #ffffff;border: 4px solid #ffffff;box-shadow: 0px 3px 10px rgba(0,0,0,0.25);}#button-QBaORJL3mU {text-align: center;}#button-QBaORJL3mU:not(.sh-button-style-2) .sh-button:hover {background-color: #192845;}#button-QBaORJL3mU.sh-button-style-2 .sh-button:after {background-color: #192845;}#button-QBaORJL3mU.sh-button-style-2 .sh-button:hover {}@media (max-width: 800px) {#button-QBaORJL3mU {text-align: center;}}            <\/style>\r\n        \r\n            \r\n            <div class=\"sh-empty-space vc_empty_space sh-empty-space-r0tgIXHNjc\" style=\"height: 32px\">\r\n                <span class=\"vc_empty_space_inner\"><\/span>\r\n            <\/div>\r\n\r\n        <\/div><\/div><\/div><style type=\"text\/css\"> .vc_row_1414223342:not(.vc_parallax) { overflow: center!important; position: relative; }<\/style><\/div><div data-vc-full-width=\"true\" data-vc-full-width-init=\"false\" class=\"vc_row wpb_row vc_row-fluid vc_custom_1685096674159 vc_row-has-fill vc_row_1472444723\"><div class=\"wpb_column vc_column_container vc_col-sm-12 vc_column_1269244463\"><div class=\"vc_column-inner\"><div class=\"wpb_wrapper\">\n\t<div class=\"wpb_text_column wpb_content_element vc_custom_1685096107840\" >\n\t\t<div class=\"wpb_wrapper\">\n\t\t\t<h2 style=\"text-align: justify;\"><span style=\"color: #ffffff;\">F.A.Q. (Domande Poste Frequentemente)<\/span><\/h2>\n\n\t\t<\/div>\n\t<\/div>\n<style type=\"text\/css\"> .vc_column_1269244463:not(.vc_parallax):not(.jarallax) { overflow: center!important; position: relative; }<\/style><\/div><\/div><\/div><\/div><div class=\"vc_row-full-width vc_clearfix\"><\/div><div class=\"vc_row wpb_row vc_row-fluid vc_row_1852715298\"><div class=\"wpb_column vc_column_container vc_col-sm-12 vc_column_478802694\"><div class=\"vc_column-inner\"><div class=\"wpb_wrapper\">\n\t<div class=\"wpb_text_column wpb_content_element\" >\n\t\t<div class=\"wpb_wrapper\">\n\t\t\t<ul>\n<li class=\"translation-block\">Ogni quanto eseguire una revisione? Quale \u00e8 il modo migliore per proteggere e conservare il tuo orologio? <br>\nPer un corretto funzionamento del proprio orologio, KeepTime Lab consiglia la manutenzione\/revisione periodica almeno ogni 3-4 anni. <br>\nIn questo modo il tuo segnatempo preserver\u00e0 le sue funzioni e le sue performance per un tempo pi\u00f9 duraturo. Ma se hai dei dubbi, non esitare a contattarci! Saremo lieti di offrirti il supporto e l\u2019assistenza necessaria, anche a scopo solo informativo.<\/li>\n<\/ul>\n<p>&nbsp;<\/p>\n<ul>\n<li><strong>E se non riesci a raggiungerci alla nostra sede?<\/strong><br \/>\nNessun problema! Pensiamo a tutto noi: effettuiamo il ritiro e la successiva spedizione del tuo orologio dal tuo domicilio \u2013 anche in tutto il mondo - in modalit\u00e0 \u201cexpress\u201d e assicurata.\nSemplice, veloce e sicuro.<\/li>\n<\/ul>\n\n\t\t<\/div>\n\t<\/div>\n\r\n            \r\n            <div class=\"sh-empty-space vc_empty_space sh-empty-space-FGDYKewJdE\" style=\"height: 32px\">\r\n                <span class=\"vc_empty_space_inner\"><\/span>\r\n            <\/div>\r\n\r\n        <div class=\"vc_separator wpb_content_element vc_separator_align_center vc_sep_width_100 vc_sep_pos_align_center vc_separator_no_text vc_sep_color_grey wpb_content_element  wpb_content_element\" ><span class=\"vc_sep_holder vc_sep_holder_l\"><span class=\"vc_sep_line\"><\/span><\/span><span class=\"vc_sep_holder vc_sep_holder_r\"><span class=\"vc_sep_line\"><\/span><\/span>\n<\/div><style type=\"text\/css\"> .vc_column_478802694:not(.vc_parallax):not(.jarallax) { overflow: center!important; position: relative; }<\/style><\/div><\/div><\/div><style type=\"text\/css\"> .vc_row_1852715298:not(.vc_parallax) { overflow: center!important; position: relative; }<\/style><\/div>\n<\/div>","protected":false},"excerpt":{"rendered":"SERVICE AND REPAIR KEEPTIME LAB IS A 360-DEGREE ASSISTANCE CENTER AND OUR PRIORITY IS CERTAINLY TO SATISFY EVERY TYPE OF NEED, MAKING USE OF A PROFESSIONAL AND EFFECTIVE OPERATING PROGRAM, CUTTING-EDGE MACHINERY AND LATEST GENERATION PRECISION INSTRUMENTS. Thanks to the skill and expertise of our...","protected":false},"author":1,"featured_media":0,"parent":0,"menu_order":0,"comment_status":"closed","ping_status":"closed","template":"","meta":{"footnotes":""},"class_list":["post-8952","page","type-page","status-publish","hentry"],"yoast_head":"<!-- This site is optimized with the Yoast SEO plugin v25.4 - https:\/\/yoast.com\/wordpress\/plugins\/seo\/ -->\n<title>Service and Repair - KeepTime Lab<\/title>\n<meta name=\"robots\" content=\"index, follow, max-snippet:-1, max-image-preview:large, max-video-preview:-1\" \/>\n<link rel=\"canonical\" href=\"https:\/\/keeptimelab.com\/it\/service-and-repair\/\" \/>\n<meta property=\"og:locale\" content=\"it_IT\" \/>\n<meta property=\"og:type\" content=\"article\" \/>\n<meta property=\"og:title\" content=\"Service and Repair - KeepTime Lab\" \/>\n<meta property=\"og:url\" content=\"https:\/\/keeptimelab.com\/it\/service-and-repair\/\" \/>\n<meta property=\"og:site_name\" content=\"KeepTime Lab\" \/>\n<meta property=\"article:publisher\" content=\"https:\/\/www.facebook.com\/people\/Keep-TimeLab\/100086743028850\/\" \/>\n<meta property=\"article:modified_time\" content=\"2023-05-28T12:35:43+00:00\" \/>\n<meta property=\"og:image\" content=\"https:\/\/keeptimelab.com\/wp-content\/uploads\/2016\/05\/LOGO-DEFINITIVO_.png\" \/>\n\t<meta property=\"og:image:width\" content=\"513\" \/>\n\t<meta property=\"og:image:height\" content=\"345\" \/>\n\t<meta property=\"og:image:type\" content=\"image\/png\" \/>\n<meta name=\"twitter:card\" content=\"summary_large_image\" \/>\n<meta name=\"twitter:label1\" content=\"Tempo di lettura stimato\" \/>\n\t<meta name=\"twitter:data1\" content=\"4 minuti\" \/>\n<script type=\"application\/ld+json\" class=\"yoast-schema-graph\">{\"@context\":\"https:\/\/schema.org\",\"@graph\":[{\"@type\":\"WebPage\",\"@id\":\"https:\/\/keeptimelab.com\/service-and-repair\/\",\"url\":\"https:\/\/keeptimelab.com\/service-and-repair\/\",\"name\":\"Service and Repair - KeepTime Lab\",\"isPartOf\":{\"@id\":\"https:\/\/keeptimelab.com\/#website\"},\"datePublished\":\"2022-11-14T22:39:34+00:00\",\"dateModified\":\"2023-05-28T12:35:43+00:00\",\"breadcrumb\":{\"@id\":\"https:\/\/keeptimelab.com\/service-and-repair\/#breadcrumb\"},\"inLanguage\":\"it-IT\",\"potentialAction\":[{\"@type\":\"ReadAction\",\"target\":[\"https:\/\/keeptimelab.com\/service-and-repair\/\"]}]},{\"@type\":\"BreadcrumbList\",\"@id\":\"https:\/\/keeptimelab.com\/service-and-repair\/#breadcrumb\",\"itemListElement\":[{\"@type\":\"ListItem\",\"position\":1,\"name\":\"Home\",\"item\":\"https:\/\/keeptimelab.com\/\"},{\"@type\":\"ListItem\",\"position\":2,\"name\":\"Service and Repair\"}]},{\"@type\":\"WebSite\",\"@id\":\"https:\/\/keeptimelab.com\/#website\",\"url\":\"https:\/\/keeptimelab.com\/\",\"name\":\"KeepTime Lab\",\"description\":\"Watch Laboratory\",\"publisher\":{\"@id\":\"https:\/\/keeptimelab.com\/#organization\"},\"alternateName\":\"KeepTime Laboratory\",\"potentialAction\":[{\"@type\":\"SearchAction\",\"target\":{\"@type\":\"EntryPoint\",\"urlTemplate\":\"https:\/\/keeptimelab.com\/?s={search_term_string}\"},\"query-input\":{\"@type\":\"PropertyValueSpecification\",\"valueRequired\":true,\"valueName\":\"search_term_string\"}}],\"inLanguage\":\"it-IT\"},{\"@type\":\"Organization\",\"@id\":\"https:\/\/keeptimelab.com\/#organization\",\"name\":\"KeepTime Lab\",\"alternateName\":\"KeepTime Laboratory\",\"url\":\"https:\/\/keeptimelab.com\/\",\"logo\":{\"@type\":\"ImageObject\",\"inLanguage\":\"it-IT\",\"@id\":\"https:\/\/keeptimelab.com\/#\/schema\/logo\/image\/\",\"url\":\"https:\/\/keeptimelab.com\/wp-content\/uploads\/2016\/05\/LOGO-DEFINITIVO_.png\",\"contentUrl\":\"https:\/\/keeptimelab.com\/wp-content\/uploads\/2016\/05\/LOGO-DEFINITIVO_.png\",\"width\":513,\"height\":345,\"caption\":\"KeepTime Lab\"},\"image\":{\"@id\":\"https:\/\/keeptimelab.com\/#\/schema\/logo\/image\/\"},\"sameAs\":[\"https:\/\/www.facebook.com\/people\/Keep-TimeLab\/100086743028850\/\",\"https:\/\/www.instagram.com\/keeptimelab\/\"]}]}<\/script>\n<!-- \/ Yoast SEO plugin. -->","yoast_head_json":{"title":"Service and Repair - KeepTime Lab","robots":{"index":"index","follow":"follow","max-snippet":"max-snippet:-1","max-image-preview":"max-image-preview:large","max-video-preview":"max-video-preview:-1"},"canonical":"https:\/\/keeptimelab.com\/it\/service-and-repair\/","og_locale":"it_IT","og_type":"article","og_title":"Service and Repair - KeepTime Lab","og_url":"https:\/\/keeptimelab.com\/it\/service-and-repair\/","og_site_name":"KeepTime Lab","article_publisher":"https:\/\/www.facebook.com\/people\/Keep-TimeLab\/100086743028850\/","article_modified_time":"2023-05-28T12:35:43+00:00","og_image":[{"width":513,"height":345,"url":"https:\/\/keeptimelab.com\/wp-content\/uploads\/2016\/05\/LOGO-DEFINITIVO_.png","type":"image\/png"}],"twitter_card":"summary_large_image","twitter_misc":{"Tempo di lettura stimato":"4 minuti"},"schema":{"@context":"https:\/\/schema.org","@graph":[{"@type":"WebPage","@id":"https:\/\/keeptimelab.com\/service-and-repair\/","url":"https:\/\/keeptimelab.com\/service-and-repair\/","name":"Service and Repair - KeepTime Lab","isPartOf":{"@id":"https:\/\/keeptimelab.com\/#website"},"datePublished":"2022-11-14T22:39:34+00:00","dateModified":"2023-05-28T12:35:43+00:00","breadcrumb":{"@id":"https:\/\/keeptimelab.com\/service-and-repair\/#breadcrumb"},"inLanguage":"it-IT","potentialAction":[{"@type":"ReadAction","target":["https:\/\/keeptimelab.com\/service-and-repair\/"]}]},{"@type":"BreadcrumbList","@id":"https:\/\/keeptimelab.com\/service-and-repair\/#breadcrumb","itemListElement":[{"@type":"ListItem","position":1,"name":"Home","item":"https:\/\/keeptimelab.com\/"},{"@type":"ListItem","position":2,"name":"Service and Repair"}]},{"@type":"WebSite","@id":"https:\/\/keeptimelab.com\/#website","url":"https:\/\/keeptimelab.com\/","name":"KeepTime Lab","description":"Watch Laboratory","publisher":{"@id":"https:\/\/keeptimelab.com\/#organization"},"alternateName":"KeepTime Laboratory","potentialAction":[{"@type":"SearchAction","target":{"@type":"EntryPoint","urlTemplate":"https:\/\/keeptimelab.com\/?s={search_term_string}"},"query-input":{"@type":"PropertyValueSpecification","valueRequired":true,"valueName":"search_term_string"}}],"inLanguage":"it-IT"},{"@type":"Organization","@id":"https:\/\/keeptimelab.com\/#organization","name":"KeepTime Lab","alternateName":"KeepTime Laboratory","url":"https:\/\/keeptimelab.com\/","logo":{"@type":"ImageObject","inLanguage":"it-IT","@id":"https:\/\/keeptimelab.com\/#\/schema\/logo\/image\/","url":"https:\/\/keeptimelab.com\/wp-content\/uploads\/2016\/05\/LOGO-DEFINITIVO_.png","contentUrl":"https:\/\/keeptimelab.com\/wp-content\/uploads\/2016\/05\/LOGO-DEFINITIVO_.png","width":513,"height":345,"caption":"KeepTime Lab"},"image":{"@id":"https:\/\/keeptimelab.com\/#\/schema\/logo\/image\/"},"sameAs":["https:\/\/www.facebook.com\/people\/Keep-TimeLab\/100086743028850\/","https:\/\/www.instagram.com\/keeptimelab\/"]}]}},"_links":{"self":[{"href":"https:\/\/keeptimelab.com\/it\/wp-json\/wp\/v2\/pages\/8952","targetHints":{"allow":["GET"]}}],"collection":[{"href":"https:\/\/keeptimelab.com\/it\/wp-json\/wp\/v2\/pages"}],"about":[{"href":"https:\/\/keeptimelab.com\/it\/wp-json\/wp\/v2\/types\/page"}],"author":[{"embeddable":true,"href":"https:\/\/keeptimelab.com\/it\/wp-json\/wp\/v2\/users\/1"}],"replies":[{"embeddable":true,"href":"https:\/\/keeptimelab.com\/it\/wp-json\/wp\/v2\/comments?post=8952"}],"version-history":[{"count":80,"href":"https:\/\/keeptimelab.com\/it\/wp-json\/wp\/v2\/pages\/8952\/revisions"}],"predecessor-version":[{"id":9688,"href":"https:\/\/keeptimelab.com\/it\/wp-json\/wp\/v2\/pages\/8952\/revisions\/9688"}],"wp:attachment":[{"href":"https:\/\/keeptimelab.com\/it\/wp-json\/wp\/v2\/media?parent=8952"}],"curies":[{"name":"wp","href":"https:\/\/api.w.org\/{rel}","templated":true}]}}